{"id":358,"date":"2026-01-20T11:14:46","date_gmt":"2026-01-20T10:14:46","guid":{"rendered":"https:\/\/w\u00fcrdevollleben.ch\/?page_id=358"},"modified":"2026-03-21T16:05:18","modified_gmt":"2026-03-21T15:05:18","slug":"beschreibung-stiftung-3","status":"publish","type":"page","link":"https:\/\/xn--wrdevollleben-wob.ch\/?page_id=358","title":{"rendered":"Beschreibung-Stiftung"},"content":{"rendered":"\n<figure class=\"wp-block-image size-large\"><img loading=\"lazy\" decoding=\"async\" width=\"1024\" height=\"320\" src=\"https:\/\/w\u00fcrdevollleben.ch\/wp-content\/uploads\/2026\/01\/Wand-schwach-mit-himmel-1024x320.png\" alt=\"\" class=\"wp-image-539\" srcset=\"https:\/\/xn--wrdevollleben-wob.ch\/wp-content\/uploads\/2026\/01\/Wand-schwach-mit-himmel-1024x320.png 1024w, https:\/\/xn--wrdevollleben-wob.ch\/wp-content\/uploads\/2026\/01\/Wand-schwach-mit-himmel-600x188.png 600w, https:\/\/xn--wrdevollleben-wob.ch\/wp-content\/uploads\/2026\/01\/Wand-schwach-mit-himmel-300x94.png 300w, https:\/\/xn--wrdevollleben-wob.ch\/wp-content\/uploads\/2026\/01\/Wand-schwach-mit-himmel-768x240.png 768w, https:\/\/xn--wrdevollleben-wob.ch\/wp-content\/uploads\/2026\/01\/Wand-schwach-mit-himmel-1536x480.png 1536w, https:\/\/xn--wrdevollleben-wob.ch\/wp-content\/uploads\/2026\/01\/Wand-schwach-mit-himmel.png 1600w\" sizes=\"auto, (max-width: 1024px) 100vw, 1024px\" \/><\/figure>\n\n\n\n<div class=\"wp-block-columns is-layout-flex wp-container-core-columns-is-layout-9d6595d7 wp-block-columns-is-layout-flex\">\n<div class=\"wp-block-column is-layout-flow wp-block-column-is-layout-flow\" style=\"flex-basis:50%\">\n<p>Die Stiftung <strong>W\u00dcRDEvollLEBEN<\/strong> Die Stiftung W\u00dcRDEvollLEBEN ist eine gemeinn\u00fctzige, steuerbefreite Stiftung mit Sitz in Basel. Sie setzt sich f\u00fcr Menschen mit Myalgischer Enzephalomyelitis\/ Chronischem Fatigue-Syndrom (ME\/CFS) beziehungsweise langandauerndem Long Covid ein.<br>ME\/CFS ist eine schwere, oft unzureichend anerkannte chronische Erkrankung.<\/p>\n<\/div>\n\n\n\n<div class=\"wp-block-column is-layout-flow wp-block-column-is-layout-flow\" style=\"flex-basis:50%\">\n<p><strong>Die Stiftung<\/strong> leistet finanzielle Unterst\u00fctzung, wenn notwendige Kosten nicht oder nicht ausreichend durch eigene Mittel oder \u00f6ffentliche Leistungstr\u00e4ger gedeckt sind.<br>Dazu z\u00e4hlen unter anderem medizinische Behandlungen, therapeutische Massnahmen, Pflegehilfen, spezielle Hilfsmittel sowie notwendige Lebenshaltungskosten<\/p>\n<\/div>\n<\/div>\n\n\n\n<div class=\"wp-block-columns is-layout-flex wp-container-core-columns-is-layout-9d6595d7 wp-block-columns-is-layout-flex\">\n<div class=\"wp-block-column is-layout-flow wp-block-column-is-layout-flow\" style=\"flex-basis:50%\">\n<p>Die Stiftung hat sich zum <strong>Ziel gesetzt<\/strong>, die Lebensqualit\u00e4t und die individuelle W\u00fcrde von Menschen mit ME\/CFS zu verbessern. Sie unterst\u00fctzt Betroffene bei der Bew\u00e4ltigung allt\u00e4glicher Herausforderungen \u2013 direkt oder indirekt. Sie tut dies durch finanzielle Unterst\u00fctzung und andere Hilfsangebote<\/p>\n<\/div>\n\n\n\n<div class=\"wp-block-column is-layout-flow wp-block-column-is-layout-flow\" style=\"flex-basis:50%\">\n<p>Dar\u00fcber hinaus <strong>f\u00f6rdert die Stiftung<\/strong> Projekte und Massnahmen, die die gesellschaftliche Teilhabe von Betroffenen st\u00e4rken und ihre Lebenssituation verbessern. Die Stiftung begr\u00fcsst es, wenn sie zur Aufkl\u00e4rung und Sensibilisierung der \u00d6ffentlichkeit \u00fcber ME\/CFS beitragen kann.<\/p>\n<\/div>\n<\/div>\n\n\n\n<div class=\"wp-block-columns is-layout-flex wp-container-core-columns-is-layout-9d6595d7 wp-block-columns-is-layout-flex\">\n<div class=\"wp-block-column is-layout-flow wp-block-column-is-layout-flow\">\n<p><strong>Die Stiftung verfolgt<\/strong> ausschliesslich und unwiderruflich gemeinn\u00fctzige Zwecke und ist steuerbefreit im Sinne des Schweizer Steuerrechts. Spenden an die Stiftung sind gem\u00e4ss den geltenden gesetzlichen Bestimmungen steuerlich abzugsf\u00e4hig. S\u00e4mtliche Mittel werden zweckgebunden eingesetzt.<\/p>\n<\/div>\n\n\n\n<div class=\"wp-block-column is-layout-flow wp-block-column-is-layout-flow\">\n<p>Die Stiftung besteht auf unbestimmte Zeit und untersteht der Stiftungsaufsicht beider Basel.<\/p>\n<\/div>\n<\/div>\n","protected":false},"excerpt":{"rendered":"<p>Die Stiftung W\u00dcRDEvollLEBEN Die Stiftung W\u00dcRDEvollLEBEN ist eine gemeinn\u00fctzige, steuerbefreite Stiftung mit Sitz in Basel. Sie setzt sich f\u00fcr Menschen mit Myalgischer Enzephalomyelitis\/ Chronischem Fatigue-Syndrom (ME\/CFS) beziehungsweise langandauerndem Long Covid ein.ME\/CFS ist eine schwere, oft unzureichend anerkannte chronische Erkrankung. Die Stiftung leistet finanzielle Unterst\u00fctzung, wenn notwendige Kosten nicht oder nicht ausreichend durch eigene Mittel oder [&hellip;]<\/p>\n","protected":false},"author":1,"featured_media":0,"parent":0,"menu_order":0,"comment_status":"closed","ping_status":"closed","template":"","meta":{"ocean_post_layout":"","ocean_both_sidebars_style":"","ocean_both_sidebars_content_width":0,"ocean_both_sidebars_sidebars_width":0,"ocean_sidebar":"0","ocean_second_sidebar":"0","ocean_disable_margins":"enable","ocean_add_body_class":"","ocean_shortcode_before_top_bar":"","ocean_shortcode_after_top_bar":"","ocean_shortcode_before_header":"","ocean_shortcode_after_header":"","ocean_has_shortcode":"","ocean_shortcode_after_title":"","ocean_shortcode_before_footer_widgets":"","ocean_shortcode_after_footer_widgets":"","ocean_shortcode_before_footer_bottom":"","ocean_shortcode_after_footer_bottom":"","ocean_display_top_bar":"default","ocean_display_header":"default","ocean_header_style":"","ocean_center_header_left_menu":"0","ocean_custom_header_template":"0","ocean_custom_logo":0,"ocean_custom_retina_logo":0,"ocean_custom_logo_max_width":0,"ocean_custom_logo_tablet_max_width":0,"ocean_custom_logo_mobile_max_width":0,"ocean_custom_logo_max_height":0,"ocean_custom_logo_tablet_max_height":0,"ocean_custom_logo_mobile_max_height":0,"ocean_header_custom_menu":"0","ocean_menu_typo_font_family":"0","ocean_menu_typo_font_subset":"","ocean_menu_typo_font_size":0,"ocean_menu_typo_font_size_tablet":0,"ocean_menu_typo_font_size_mobile":0,"ocean_menu_typo_font_size_unit":"px","ocean_menu_typo_font_weight":"","ocean_menu_typo_font_weight_tablet":"","ocean_menu_typo_font_weight_mobile":"","ocean_menu_typo_transform":"","ocean_menu_typo_transform_tablet":"","ocean_menu_typo_transform_mobile":"","ocean_menu_typo_line_height":0,"ocean_menu_typo_line_height_tablet":0,"ocean_menu_typo_line_height_mobile":0,"ocean_menu_typo_line_height_unit":"","ocean_menu_typo_spacing":0,"ocean_menu_typo_spacing_tablet":0,"ocean_menu_typo_spacing_mobile":0,"ocean_menu_typo_spacing_unit":"","ocean_menu_link_color":"","ocean_menu_link_color_hover":"","ocean_menu_link_color_active":"","ocean_menu_link_background":"","ocean_menu_link_hover_background":"","ocean_menu_link_active_background":"","ocean_menu_social_links_bg":"","ocean_menu_social_hover_links_bg":"","ocean_menu_social_links_color":"","ocean_menu_social_hover_links_color":"","ocean_disable_title":"default","ocean_disable_heading":"default","ocean_post_title":"","ocean_post_subheading":"","ocean_post_title_style":"","ocean_post_title_background_color":"","ocean_post_title_background":0,"ocean_post_title_bg_image_position":"","ocean_post_title_bg_image_attachment":"","ocean_post_title_bg_image_repeat":"","ocean_post_title_bg_image_size":"","ocean_post_title_height":0,"ocean_post_title_bg_overlay":0.5,"ocean_post_title_bg_overlay_color":"","ocean_disable_breadcrumbs":"default","ocean_breadcrumbs_color":"","ocean_breadcrumbs_separator_color":"","ocean_breadcrumbs_links_color":"","ocean_breadcrumbs_links_hover_color":"","ocean_display_footer_widgets":"default","ocean_display_footer_bottom":"default","ocean_custom_footer_template":"0","footnotes":""},"class_list":["post-358","page","type-page","status-publish","hentry","entry","owp-thumbs-layout-horizontal","owp-btn-normal","owp-tabs-layout-horizontal","has-no-thumbnails","has-product-nav"],"_links":{"self":[{"href":"https:\/\/xn--wrdevollleben-wob.ch\/index.php?rest_route=\/wp\/v2\/pages\/358","targetHints":{"allow":["GET"]}}],"collection":[{"href":"https:\/\/xn--wrdevollleben-wob.ch\/index.php?rest_route=\/wp\/v2\/pages"}],"about":[{"href":"https:\/\/xn--wrdevollleben-wob.ch\/index.php?rest_route=\/wp\/v2\/types\/page"}],"author":[{"embeddable":true,"href":"https:\/\/xn--wrdevollleben-wob.ch\/index.php?rest_route=\/wp\/v2\/users\/1"}],"replies":[{"embeddable":true,"href":"https:\/\/xn--wrdevollleben-wob.ch\/index.php?rest_route=%2Fwp%2Fv2%2Fcomments&post=358"}],"version-history":[{"count":27,"href":"https:\/\/xn--wrdevollleben-wob.ch\/index.php?rest_route=\/wp\/v2\/pages\/358\/revisions"}],"predecessor-version":[{"id":908,"href":"https:\/\/xn--wrdevollleben-wob.ch\/index.php?rest_route=\/wp\/v2\/pages\/358\/revisions\/908"}],"wp:attachment":[{"href":"https:\/\/xn--wrdevollleben-wob.ch\/index.php?rest_route=%2Fwp%2Fv2%2Fmedia&parent=358"}],"curies":[{"name":"wp","href":"https:\/\/api.w.org\/{rel}","templated":true}]}}