{"id":483,"date":"2026-01-22T18:02:55","date_gmt":"2026-01-22T17:02:55","guid":{"rendered":"https:\/\/w\u00fcrdevollleben.ch\/?page_id=483"},"modified":"2026-01-22T18:02:55","modified_gmt":"2026-01-22T17:02:55","slug":"wuerde-was-uns-stark-macht-als-einzelne-und-als-gesellschaft","status":"publish","type":"page","link":"https:\/\/xn--wrdevollleben-wob.ch\/?page_id=483","title":{"rendered":"W\u00fcrde Was uns stark macht &#8211; als Einzelne und als Gesellschaft"},"content":{"rendered":"\n<div class=\"wp-block-columns is-layout-flex wp-container-core-columns-is-layout-9d6595d7 wp-block-columns-is-layout-flex\">\n<div class=\"wp-block-column is-layout-flow wp-block-column-is-layout-flow\" style=\"flex-basis:33.33%\">\n<p><strong>W\u00fcrde <\/strong>Was uns stark macht &#8211; als Einzelne und als Gesellschaft<br>Von: <a href=\"https:\/\/staempflirecht.ch\/search?activeTab=products&amp;searchValue=H%C3%BCther%20Gerald\"><strong>H\u00fcther, Gerald<\/strong><\/a><br>Mai 2019,\u00a0192 Seiten,\u00a0Deutsch, Pantheon<br>978-3-570-55393-0<\/p>\n<\/div>\n\n\n\n<div class=\"wp-block-column is-layout-flow wp-block-column-is-layout-flow\" style=\"flex-basis:33.33%\">\n<p><strong>Wir alle wollen in W\u00fcrde sterben, aber sollten wir nicht erst einmal in W\u00fcrde leben?<\/strong><br><br>\u00bbUnsere W\u00fcrde zu entdecken, also das zutiefst Menschliche in uns, ist die zentrale Aufgabe im 21. Jahrhundert\u00ab, sagt der Neurobiologe Gerald H\u00fcther. Ohne diesen inneren Kompass laufen wir in einer zunehmend komplexer werdenden und von \u00f6konomischen Kriterien bestimmten Welt Gefahr, die Orientierung zu verlieren. In diesem sehr pers\u00f6nlichen Buch zeigt Gerald H\u00fcther, wie wir unsere W\u00fcrde zur\u00fcckgewinnen.<br><a href=\"https:\/\/www.penguin.de\/buecher\/gerald-huether-wuerde\/buch\/9783328602729\" data-type=\"link\" data-id=\"https:\/\/www.penguin.de\/buecher\/gerald-huether-wuerde\/buch\/9783328602729\">https:\/\/www.penguin.de\/buecher\/gerald-huether-wuerde\/buch\/9783328602729<\/a><\/p>\n<\/div>\n\n\n\n<div class=\"wp-block-column is-layout-flow wp-block-column-is-layout-flow\" style=\"flex-basis:33.33%\">\n<figure class=\"wp-block-image size-full\"><img loading=\"lazy\" decoding=\"async\" width=\"374\" height=\"599\" src=\"https:\/\/w\u00fcrdevollleben.ch\/wp-content\/uploads\/2026\/01\/Wuerde.jpg\" alt=\"\" class=\"wp-image-484\" srcset=\"https:\/\/xn--wrdevollleben-wob.ch\/wp-content\/uploads\/2026\/01\/Wuerde.jpg 374w, https:\/\/xn--wrdevollleben-wob.ch\/wp-content\/uploads\/2026\/01\/Wuerde-187x300.jpg 187w\" sizes=\"auto, (max-width: 374px) 100vw, 374px\" \/><\/figure>\n<\/div>\n<\/div>\n","protected":false},"excerpt":{"rendered":"<p>W\u00fcrde Was uns stark macht &#8211; als Einzelne und als GesellschaftVon: H\u00fcther, GeraldMai 2019,\u00a0192 Seiten,\u00a0Deutsch, Pantheon978-3-570-55393-0 Wir alle wollen in W\u00fcrde sterben, aber sollten wir nicht erst einmal in W\u00fcrde leben? \u00bbUnsere W\u00fcrde zu entdecken, also das zutiefst Menschliche in uns, ist die zentrale Aufgabe im 21. Jahrhundert\u00ab, sagt der Neurobiologe Gerald H\u00fcther. Ohne diesen [&hellip;]<\/p>\n","protected":false},"author":1,"featured_media":0,"parent":0,"menu_order":0,"comment_status":"closed","ping_status":"closed","template":"","meta":{"ocean_post_layout":"","ocean_both_sidebars_style":"","ocean_both_sidebars_content_width":0,"ocean_both_sidebars_sidebars_width":0,"ocean_sidebar":"","ocean_second_sidebar":"","ocean_disable_margins":"enable","ocean_add_body_class":"","ocean_shortcode_before_top_bar":"","ocean_shortcode_after_top_bar":"","ocean_shortcode_before_header":"","ocean_shortcode_after_header":"","ocean_has_shortcode":"","ocean_shortcode_after_title":"","ocean_shortcode_before_footer_widgets":"","ocean_shortcode_after_footer_widgets":"","ocean_shortcode_before_footer_bottom":"","ocean_shortcode_after_footer_bottom":"","ocean_display_top_bar":"default","ocean_display_header":"default","ocean_header_style":"","ocean_center_header_left_menu":"","ocean_custom_header_template":"","ocean_custom_logo":0,"ocean_custom_retina_logo":0,"ocean_custom_logo_max_width":0,"ocean_custom_logo_tablet_max_width":0,"ocean_custom_logo_mobile_max_width":0,"ocean_custom_logo_max_height":0,"ocean_custom_logo_tablet_max_height":0,"ocean_custom_logo_mobile_max_height":0,"ocean_header_custom_menu":"","ocean_menu_typo_font_family":"","ocean_menu_typo_font_subset":"","ocean_menu_typo_font_size":0,"ocean_menu_typo_font_size_tablet":0,"ocean_menu_typo_font_size_mobile":0,"ocean_menu_typo_font_size_unit":"px","ocean_menu_typo_font_weight":"","ocean_menu_typo_font_weight_tablet":"","ocean_menu_typo_font_weight_mobile":"","ocean_menu_typo_transform":"","ocean_menu_typo_transform_tablet":"","ocean_menu_typo_transform_mobile":"","ocean_menu_typo_line_height":0,"ocean_menu_typo_line_height_tablet":0,"ocean_menu_typo_line_height_mobile":0,"ocean_menu_typo_line_height_unit":"","ocean_menu_typo_spacing":0,"ocean_menu_typo_spacing_tablet":0,"ocean_menu_typo_spacing_mobile":0,"ocean_menu_typo_spacing_unit":"","ocean_menu_link_color":"","ocean_menu_link_color_hover":"","ocean_menu_link_color_active":"","ocean_menu_link_background":"","ocean_menu_link_hover_background":"","ocean_menu_link_active_background":"","ocean_menu_social_links_bg":"","ocean_menu_social_hover_links_bg":"","ocean_menu_social_links_color":"","ocean_menu_social_hover_links_color":"","ocean_disable_title":"default","ocean_disable_heading":"default","ocean_post_title":"","ocean_post_subheading":"","ocean_post_title_style":"","ocean_post_title_background_color":"","ocean_post_title_background":0,"ocean_post_title_bg_image_position":"","ocean_post_title_bg_image_attachment":"","ocean_post_title_bg_image_repeat":"","ocean_post_title_bg_image_size":"","ocean_post_title_height":0,"ocean_post_title_bg_overlay":0.5,"ocean_post_title_bg_overlay_color":"","ocean_disable_breadcrumbs":"default","ocean_breadcrumbs_color":"","ocean_breadcrumbs_separator_color":"","ocean_breadcrumbs_links_color":"","ocean_breadcrumbs_links_hover_color":"","ocean_display_footer_widgets":"default","ocean_display_footer_bottom":"default","ocean_custom_footer_template":"","footnotes":""},"class_list":["post-483","page","type-page","status-publish","hentry","entry","owp-thumbs-layout-horizontal","owp-btn-normal","owp-tabs-layout-horizontal","has-no-thumbnails","has-product-nav"],"_links":{"self":[{"href":"https:\/\/xn--wrdevollleben-wob.ch\/index.php?rest_route=\/wp\/v2\/pages\/483","targetHints":{"allow":["GET"]}}],"collection":[{"href":"https:\/\/xn--wrdevollleben-wob.ch\/index.php?rest_route=\/wp\/v2\/pages"}],"about":[{"href":"https:\/\/xn--wrdevollleben-wob.ch\/index.php?rest_route=\/wp\/v2\/types\/page"}],"author":[{"embeddable":true,"href":"https:\/\/xn--wrdevollleben-wob.ch\/index.php?rest_route=\/wp\/v2\/users\/1"}],"replies":[{"embeddable":true,"href":"https:\/\/xn--wrdevollleben-wob.ch\/index.php?rest_route=%2Fwp%2Fv2%2Fcomments&post=483"}],"version-history":[{"count":1,"href":"https:\/\/xn--wrdevollleben-wob.ch\/index.php?rest_route=\/wp\/v2\/pages\/483\/revisions"}],"predecessor-version":[{"id":487,"href":"https:\/\/xn--wrdevollleben-wob.ch\/index.php?rest_route=\/wp\/v2\/pages\/483\/revisions\/487"}],"wp:attachment":[{"href":"https:\/\/xn--wrdevollleben-wob.ch\/index.php?rest_route=%2Fwp%2Fv2%2Fmedia&parent=483"}],"curies":[{"name":"wp","href":"https:\/\/api.w.org\/{rel}","templated":true}]}}