{"id":495,"date":"2026-01-22T18:15:37","date_gmt":"2026-01-22T17:15:37","guid":{"rendered":"https:\/\/w\u00fcrdevollleben.ch\/?page_id=495"},"modified":"2026-01-22T18:18:58","modified_gmt":"2026-01-22T17:18:58","slug":"wuerde-was-uns-stark-macht-als-einzelne-und-als-gesellschaft-3","status":"publish","type":"page","link":"https:\/\/xn--wrdevollleben-wob.ch\/?page_id=495","title":{"rendered":"\u00dcber Sehen \u00dcber Leben,A Photographic Document"},"content":{"rendered":"\n<h1 class=\"wp-block-heading\"><\/h1>\n\n\n\n<div class=\"wp-block-columns is-layout-flex wp-container-core-columns-is-layout-9d6595d7 wp-block-columns-is-layout-flex\">\n<div class=\"wp-block-column is-layout-flow wp-block-column-is-layout-flow\" style=\"flex-basis:33.33%\">\n<p><strong>\u00dcber Sehen \u00dcber Leben<br>A Photographic Document<\/strong><\/p>\n\n\n\n<p>Fotograf \/ Autor: Andreas Seibert<\/p>\n\n\n\n<p>Mit Beitr\u00e4gen von&nbsp;Prof. Milo Puhan \/ Long Covid&nbsp; Prof. Kaspar Staub \/ Pandemien<br>Young EMERG \/ ME\/CFS<\/p>\n\n\n\n<p>Format 280 \u00d7 238 mm<br>424 Seiten, 98 Fotografien, Hardcover<br>Deutsch \/ Englisch, 2025&nbsp;<br>ISBN 978-3-033-11102-8<br>CHF 48,00<\/p>\n\n\n\n<p>Herausgeber<br>e. V. Bridging Science and Society<\/p>\n<\/div>\n\n\n\n<div class=\"wp-block-column is-layout-flow wp-block-column-is-layout-flow\" style=\"flex-basis:33.33%\">\n<p>Eineinhalb Jahre nach Ausbruch der Coronapandemie begann der Fotograf Andreas Seibert, Long-Covid- und ME\/CFS-Betroffene zu portr\u00e4tieren. Seine Motivation war einerseits die Frage, ob und wie die Fotografie etwas festhalten kann, was sich vor der Kamera nicht wirklich realisiert. Andererseits nahm er an, dass die hohen Infektionszahlen und die damit verbundenen postviralen Erkrankungen eine grosse Herausforderung f\u00fcr das Gesundheitssystem und f\u00fcr die Gesellschaft als Ganzes darstellen werden. So entstand, wie der Buchtitel dies andeutet, eine fotografische Arbeit&nbsp;<em>\u00fcber<\/em>&nbsp;das&nbsp;<em>Sehen<\/em>&nbsp;und&nbsp;<em>\u00fcber<\/em>&nbsp;das&nbsp;<em>Leben<\/em>.<\/p>\n\n\n\n<p>Zweieinhalb Jahre ist Andreas Seibert durch die Schweiz gefahren und hat mehr als 80 Menschen fotografiert, die von postviralen Erkrankungen betroffen sind \u2013 langsam, einf\u00fchlsam, pr\u00e4zise, analog, der Fotografie immer dahingehend vertrauend, dass sie mit ihrer Sachlichkeit und Unbestechlichkeit feine Spuren, leichte Andeutungen der von der Erkrankung verursachten sozialen Verwerfungen in den Gesichtern der Betroffenen sichtbar machen kann.<br><br>In ausf\u00fchrlichen und detailreichen Texten hat Andreas Seibert die Geschichten der im Buch Portr\u00e4tierten aufgeschrieben. Sie handeln von Leiden und Gl\u00fcck, Hoffnung und Entt\u00e4uschung, von beruflichen und finanziellen \u00c4ngsten und N\u00f6ten, von Freundschaften und Trennungen, von Unterst\u00fctzung und Liebe; und sie beschreiben ein System, das Menschen in grosser Not zwar helfen soll, dieser Aufgabe aber aus unterschiedlichen Gr\u00fcnden allzu oft nicht gerecht wird.<br><a href=\"https:\/\/ueber-sehen-ueber-leben.com\/\" data-type=\"link\" data-id=\"https:\/\/ueber-sehen-ueber-leben.com\/\">https:\/\/ueber-sehen-ueber-leben.com\/<\/a><\/p>\n<\/div>\n\n\n\n<div class=\"wp-block-column is-layout-flow wp-block-column-is-layout-flow\" style=\"flex-basis:33.33%\">\n<figure class=\"wp-block-image size-full\"><img loading=\"lazy\" decoding=\"async\" width=\"1080\" height=\"1080\" src=\"https:\/\/w\u00fcrdevollleben.ch\/wp-content\/uploads\/2026\/01\/ueber_sehen_ueber-leben_cover.jpeg\" alt=\"\" class=\"wp-image-170\" srcset=\"https:\/\/xn--wrdevollleben-wob.ch\/wp-content\/uploads\/2026\/01\/ueber_sehen_ueber-leben_cover.jpeg 1080w, https:\/\/xn--wrdevollleben-wob.ch\/wp-content\/uploads\/2026\/01\/ueber_sehen_ueber-leben_cover-300x300.jpeg 300w, https:\/\/xn--wrdevollleben-wob.ch\/wp-content\/uploads\/2026\/01\/ueber_sehen_ueber-leben_cover-100x100.jpeg 100w, https:\/\/xn--wrdevollleben-wob.ch\/wp-content\/uploads\/2026\/01\/ueber_sehen_ueber-leben_cover-600x600.jpeg 600w, https:\/\/xn--wrdevollleben-wob.ch\/wp-content\/uploads\/2026\/01\/ueber_sehen_ueber-leben_cover-1024x1024.jpeg 1024w, https:\/\/xn--wrdevollleben-wob.ch\/wp-content\/uploads\/2026\/01\/ueber_sehen_ueber-leben_cover-150x150.jpeg 150w, https:\/\/xn--wrdevollleben-wob.ch\/wp-content\/uploads\/2026\/01\/ueber_sehen_ueber-leben_cover-768x768.jpeg 768w\" sizes=\"auto, (max-width: 1080px) 100vw, 1080px\" \/><\/figure>\n<\/div>\n<\/div>\n","protected":false},"excerpt":{"rendered":"<p>\u00dcber Sehen \u00dcber LebenA Photographic Document Fotograf \/ Autor: Andreas Seibert Mit Beitr\u00e4gen von&nbsp;Prof. Milo Puhan \/ Long Covid&nbsp; Prof. Kaspar Staub \/ PandemienYoung EMERG \/ ME\/CFS Format 280 \u00d7 238 mm424 Seiten, 98 Fotografien, HardcoverDeutsch \/ Englisch, 2025&nbsp;ISBN 978-3-033-11102-8CHF 48,00 Herausgebere. V. Bridging Science and Society Eineinhalb Jahre nach Ausbruch der Coronapandemie begann der [&hellip;]<\/p>\n","protected":false},"author":1,"featured_media":0,"parent":0,"menu_order":0,"comment_status":"closed","ping_status":"closed","template":"","meta":{"ocean_post_layout":"","ocean_both_sidebars_style":"","ocean_both_sidebars_content_width":0,"ocean_both_sidebars_sidebars_width":0,"ocean_sidebar":"","ocean_second_sidebar":"","ocean_disable_margins":"enable","ocean_add_body_class":"","ocean_shortcode_before_top_bar":"","ocean_shortcode_after_top_bar":"","ocean_shortcode_before_header":"","ocean_shortcode_after_header":"","ocean_has_shortcode":"","ocean_shortcode_after_title":"","ocean_shortcode_before_footer_widgets":"","ocean_shortcode_after_footer_widgets":"","ocean_shortcode_before_footer_bottom":"","ocean_shortcode_after_footer_bottom":"","ocean_display_top_bar":"default","ocean_display_header":"default","ocean_header_style":"","ocean_center_header_left_menu":"","ocean_custom_header_template":"","ocean_custom_logo":0,"ocean_custom_retina_logo":0,"ocean_custom_logo_max_width":0,"ocean_custom_logo_tablet_max_width":0,"ocean_custom_logo_mobile_max_width":0,"ocean_custom_logo_max_height":0,"ocean_custom_logo_tablet_max_height":0,"ocean_custom_logo_mobile_max_height":0,"ocean_header_custom_menu":"","ocean_menu_typo_font_family":"","ocean_menu_typo_font_subset":"","ocean_menu_typo_font_size":0,"ocean_menu_typo_font_size_tablet":0,"ocean_menu_typo_font_size_mobile":0,"ocean_menu_typo_font_size_unit":"px","ocean_menu_typo_font_weight":"","ocean_menu_typo_font_weight_tablet":"","ocean_menu_typo_font_weight_mobile":"","ocean_menu_typo_transform":"","ocean_menu_typo_transform_tablet":"","ocean_menu_typo_transform_mobile":"","ocean_menu_typo_line_height":0,"ocean_menu_typo_line_height_tablet":0,"ocean_menu_typo_line_height_mobile":0,"ocean_menu_typo_line_height_unit":"","ocean_menu_typo_spacing":0,"ocean_menu_typo_spacing_tablet":0,"ocean_menu_typo_spacing_mobile":0,"ocean_menu_typo_spacing_unit":"","ocean_menu_link_color":"","ocean_menu_link_color_hover":"","ocean_menu_link_color_active":"","ocean_menu_link_background":"","ocean_menu_link_hover_background":"","ocean_menu_link_active_background":"","ocean_menu_social_links_bg":"","ocean_menu_social_hover_links_bg":"","ocean_menu_social_links_color":"","ocean_menu_social_hover_links_color":"","ocean_disable_title":"default","ocean_disable_heading":"default","ocean_post_title":"","ocean_post_subheading":"","ocean_post_title_style":"","ocean_post_title_background_color":"","ocean_post_title_background":0,"ocean_post_title_bg_image_position":"","ocean_post_title_bg_image_attachment":"","ocean_post_title_bg_image_repeat":"","ocean_post_title_bg_image_size":"","ocean_post_title_height":0,"ocean_post_title_bg_overlay":0.5,"ocean_post_title_bg_overlay_color":"","ocean_disable_breadcrumbs":"default","ocean_breadcrumbs_color":"","ocean_breadcrumbs_separator_color":"","ocean_breadcrumbs_links_color":"","ocean_breadcrumbs_links_hover_color":"","ocean_display_footer_widgets":"default","ocean_display_footer_bottom":"default","ocean_custom_footer_template":"","footnotes":""},"class_list":["post-495","page","type-page","status-publish","hentry","entry","owp-thumbs-layout-horizontal","owp-btn-normal","owp-tabs-layout-horizontal","has-no-thumbnails","has-product-nav"],"_links":{"self":[{"href":"https:\/\/xn--wrdevollleben-wob.ch\/index.php?rest_route=\/wp\/v2\/pages\/495","targetHints":{"allow":["GET"]}}],"collection":[{"href":"https:\/\/xn--wrdevollleben-wob.ch\/index.php?rest_route=\/wp\/v2\/pages"}],"about":[{"href":"https:\/\/xn--wrdevollleben-wob.ch\/index.php?rest_route=\/wp\/v2\/types\/page"}],"author":[{"embeddable":true,"href":"https:\/\/xn--wrdevollleben-wob.ch\/index.php?rest_route=\/wp\/v2\/users\/1"}],"replies":[{"embeddable":true,"href":"https:\/\/xn--wrdevollleben-wob.ch\/index.php?rest_route=%2Fwp%2Fv2%2Fcomments&post=495"}],"version-history":[{"count":3,"href":"https:\/\/xn--wrdevollleben-wob.ch\/index.php?rest_route=\/wp\/v2\/pages\/495\/revisions"}],"predecessor-version":[{"id":499,"href":"https:\/\/xn--wrdevollleben-wob.ch\/index.php?rest_route=\/wp\/v2\/pages\/495\/revisions\/499"}],"wp:attachment":[{"href":"https:\/\/xn--wrdevollleben-wob.ch\/index.php?rest_route=%2Fwp%2Fv2%2Fmedia&parent=495"}],"curies":[{"name":"wp","href":"https:\/\/api.w.org\/{rel}","templated":true}]}}