{"id":789,"date":"2026-02-03T12:38:33","date_gmt":"2026-02-03T11:38:33","guid":{"rendered":"https:\/\/w\u00fcrdevollleben.ch\/?page_id=789"},"modified":"2026-02-03T12:38:34","modified_gmt":"2026-02-03T11:38:34","slug":"wuerde-was-uns-stark-macht-als-einzelne-und-als-gesellschaft-4-2","status":"publish","type":"page","link":"https:\/\/xn--wrdevollleben-wob.ch\/?page_id=789","title":{"rendered":"Das Long-Covid-Syndrom \u00fcberwinden"},"content":{"rendered":"\n<div class=\"wp-block-columns is-layout-flex wp-container-core-columns-is-layout-9d6595d7 wp-block-columns-is-layout-flex\">\n<div class=\"wp-block-column is-layout-flow wp-block-column-is-layout-flow\" style=\"flex-basis:33.33%\">\n<p><a href=\"https:\/\/w\u00fcrdevollleben.ch\/?page_id=495\" target=\"_blank\" rel=\"noreferrer noopener\">Das Long-Covid-Syndrom \u00fcberwinden<\/a><br><br><a href=\"https:\/\/shop.thieme.de\/de\/search?search=Peter%20Niemann\">Peter Niemann<\/a> <br><br>1. Auflage 2022<br>TRIAS Verlag Deutsch<br>128 S., 10 Abbildungen<br>Broschiert<br>978 3-432-11558-0<br><\/p>\n<\/div>\n\n\n\n<div class=\"wp-block-column is-layout-flow wp-block-column-is-layout-flow\" style=\"flex-basis:33.33%\">\n<figure class=\"wp-block-table\"><table class=\"has-fixed-layout\"><tbody><tr><td>Long-Covid- und Post-Covid-Beschwerden sind stark einschr\u00e4nkende Symptome lange nach einer Corona-Infektion. Dr. med. Peter Niemann verf\u00fcgt \u00fcber fundiertes Wissen zu Viruserkrankungen und verbindet diese <em>mit<\/em> den neuesten Forschungen zu Covid-19. Die Long-Covid-Symptome \u00e4hneln Langzeitfolgen anderer Viruserkrankungen und werden neu mit ganzheitlichen Ans\u00e4tzen behandelt:<br><br>&#8211; Wissen kompakt: Was ist Long Covid und was sind seine Ursachen? Welche \u00c4hnlichkeiten weist Long Covid zu Erkrankungen auf, die bereits erfolgreich behandelt werden?<br>&#8211; Neue Forschung: Welche Therapien zeichnen sich als erfolgsversprechend aus? Was k\u00f6nnen Sie selbst tun?<br>&#8211; Ganzheitlich behandeln: Die Schulmedizin wird erg\u00e4nzt um Alternativmedizin und Psychotherapie.<br><br><a href=\"https:\/\/shop.thieme.de\/Das-Long-Covid-Syndrom-ueberwinden\/9783432115580\">https:\/\/shop.thieme.de\/Das-Long-Covid-Syndrom-ueberwinden\/9783432115580<\/a><\/td><\/tr><\/tbody><\/table><\/figure>\n\n\n\n<p><br><\/p>\n<\/div>\n\n\n\n<div class=\"wp-block-column is-layout-flow wp-block-column-is-layout-flow\" style=\"flex-basis:33.33%\">\n<figure class=\"wp-block-image size-full\"><img loading=\"lazy\" decoding=\"async\" width=\"1474\" height=\"2000\" src=\"https:\/\/w\u00fcrdevollleben.ch\/wp-content\/uploads\/2026\/02\/das-long-covid-syndrom-ueberwinden-taschenbuch-peter-niemann-798-3432-11557-3-TRIAS.jpeg\" alt=\"\" class=\"wp-image-767\" srcset=\"https:\/\/xn--wrdevollleben-wob.ch\/wp-content\/uploads\/2026\/02\/das-long-covid-syndrom-ueberwinden-taschenbuch-peter-niemann-798-3432-11557-3-TRIAS.jpeg 1474w, https:\/\/xn--wrdevollleben-wob.ch\/wp-content\/uploads\/2026\/02\/das-long-covid-syndrom-ueberwinden-taschenbuch-peter-niemann-798-3432-11557-3-TRIAS-600x814.jpeg 600w, https:\/\/xn--wrdevollleben-wob.ch\/wp-content\/uploads\/2026\/02\/das-long-covid-syndrom-ueberwinden-taschenbuch-peter-niemann-798-3432-11557-3-TRIAS-221x300.jpeg 221w, https:\/\/xn--wrdevollleben-wob.ch\/wp-content\/uploads\/2026\/02\/das-long-covid-syndrom-ueberwinden-taschenbuch-peter-niemann-798-3432-11557-3-TRIAS-755x1024.jpeg 755w, https:\/\/xn--wrdevollleben-wob.ch\/wp-content\/uploads\/2026\/02\/das-long-covid-syndrom-ueberwinden-taschenbuch-peter-niemann-798-3432-11557-3-TRIAS-768x1042.jpeg 768w, https:\/\/xn--wrdevollleben-wob.ch\/wp-content\/uploads\/2026\/02\/das-long-covid-syndrom-ueberwinden-taschenbuch-peter-niemann-798-3432-11557-3-TRIAS-1132x1536.jpeg 1132w\" sizes=\"auto, (max-width: 1474px) 100vw, 1474px\" \/><\/figure>\n<\/div>\n<\/div>\n","protected":false},"excerpt":{"rendered":"<p>Das Long-Covid-Syndrom \u00fcberwinden Peter Niemann 1. Auflage 2022TRIAS Verlag Deutsch128 S., 10 AbbildungenBroschiert978 3-432-11558-0 Long-Covid- und Post-Covid-Beschwerden sind stark einschr\u00e4nkende Symptome lange nach einer Corona-Infektion. Dr. med. Peter Niemann verf\u00fcgt \u00fcber fundiertes Wissen zu Viruserkrankungen und verbindet diese mit den neuesten Forschungen zu Covid-19. Die Long-Covid-Symptome \u00e4hneln Langzeitfolgen anderer Viruserkrankungen und werden neu mit ganzheitlichen [&hellip;]<\/p>\n","protected":false},"author":1,"featured_media":0,"parent":0,"menu_order":0,"comment_status":"closed","ping_status":"closed","template":"","meta":{"ocean_post_layout":"","ocean_both_sidebars_style":"","ocean_both_sidebars_content_width":0,"ocean_both_sidebars_sidebars_width":0,"ocean_sidebar":"","ocean_second_sidebar":"","ocean_disable_margins":"enable","ocean_add_body_class":"","ocean_shortcode_before_top_bar":"","ocean_shortcode_after_top_bar":"","ocean_shortcode_before_header":"","ocean_shortcode_after_header":"","ocean_has_shortcode":"","ocean_shortcode_after_title":"","ocean_shortcode_before_footer_widgets":"","ocean_shortcode_after_footer_widgets":"","ocean_shortcode_before_footer_bottom":"","ocean_shortcode_after_footer_bottom":"","ocean_display_top_bar":"default","ocean_display_header":"default","ocean_header_style":"","ocean_center_header_left_menu":"","ocean_custom_header_template":"","ocean_custom_logo":0,"ocean_custom_retina_logo":0,"ocean_custom_logo_max_width":0,"ocean_custom_logo_tablet_max_width":0,"ocean_custom_logo_mobile_max_width":0,"ocean_custom_logo_max_height":0,"ocean_custom_logo_tablet_max_height":0,"ocean_custom_logo_mobile_max_height":0,"ocean_header_custom_menu":"","ocean_menu_typo_font_family":"","ocean_menu_typo_font_subset":"","ocean_menu_typo_font_size":0,"ocean_menu_typo_font_size_tablet":0,"ocean_menu_typo_font_size_mobile":0,"ocean_menu_typo_font_size_unit":"px","ocean_menu_typo_font_weight":"","ocean_menu_typo_font_weight_tablet":"","ocean_menu_typo_font_weight_mobile":"","ocean_menu_typo_transform":"","ocean_menu_typo_transform_tablet":"","ocean_menu_typo_transform_mobile":"","ocean_menu_typo_line_height":0,"ocean_menu_typo_line_height_tablet":0,"ocean_menu_typo_line_height_mobile":0,"ocean_menu_typo_line_height_unit":"","ocean_menu_typo_spacing":0,"ocean_menu_typo_spacing_tablet":0,"ocean_menu_typo_spacing_mobile":0,"ocean_menu_typo_spacing_unit":"","ocean_menu_link_color":"","ocean_menu_link_color_hover":"","ocean_menu_link_color_active":"","ocean_menu_link_background":"","ocean_menu_link_hover_background":"","ocean_menu_link_active_background":"","ocean_menu_social_links_bg":"","ocean_menu_social_hover_links_bg":"","ocean_menu_social_links_color":"","ocean_menu_social_hover_links_color":"","ocean_disable_title":"default","ocean_disable_heading":"default","ocean_post_title":"","ocean_post_subheading":"","ocean_post_title_style":"","ocean_post_title_background_color":"","ocean_post_title_background":0,"ocean_post_title_bg_image_position":"","ocean_post_title_bg_image_attachment":"","ocean_post_title_bg_image_repeat":"","ocean_post_title_bg_image_size":"","ocean_post_title_height":0,"ocean_post_title_bg_overlay":0.5,"ocean_post_title_bg_overlay_color":"","ocean_disable_breadcrumbs":"default","ocean_breadcrumbs_color":"","ocean_breadcrumbs_separator_color":"","ocean_breadcrumbs_links_color":"","ocean_breadcrumbs_links_hover_color":"","ocean_display_footer_widgets":"default","ocean_display_footer_bottom":"default","ocean_custom_footer_template":"","footnotes":""},"class_list":["post-789","page","type-page","status-publish","hentry","entry","owp-thumbs-layout-horizontal","owp-btn-normal","owp-tabs-layout-horizontal","has-no-thumbnails","has-product-nav"],"_links":{"self":[{"href":"https:\/\/xn--wrdevollleben-wob.ch\/index.php?rest_route=\/wp\/v2\/pages\/789","targetHints":{"allow":["GET"]}}],"collection":[{"href":"https:\/\/xn--wrdevollleben-wob.ch\/index.php?rest_route=\/wp\/v2\/pages"}],"about":[{"href":"https:\/\/xn--wrdevollleben-wob.ch\/index.php?rest_route=\/wp\/v2\/types\/page"}],"author":[{"embeddable":true,"href":"https:\/\/xn--wrdevollleben-wob.ch\/index.php?rest_route=\/wp\/v2\/users\/1"}],"replies":[{"embeddable":true,"href":"https:\/\/xn--wrdevollleben-wob.ch\/index.php?rest_route=%2Fwp%2Fv2%2Fcomments&post=789"}],"version-history":[{"count":1,"href":"https:\/\/xn--wrdevollleben-wob.ch\/index.php?rest_route=\/wp\/v2\/pages\/789\/revisions"}],"predecessor-version":[{"id":790,"href":"https:\/\/xn--wrdevollleben-wob.ch\/index.php?rest_route=\/wp\/v2\/pages\/789\/revisions\/790"}],"wp:attachment":[{"href":"https:\/\/xn--wrdevollleben-wob.ch\/index.php?rest_route=%2Fwp%2Fv2%2Fmedia&parent=789"}],"curies":[{"name":"wp","href":"https:\/\/api.w.org\/{rel}","templated":true}]}}