{"id":794,"date":"2026-02-03T12:46:20","date_gmt":"2026-02-03T11:46:20","guid":{"rendered":"https:\/\/w\u00fcrdevollleben.ch\/?page_id=794"},"modified":"2026-02-03T12:49:39","modified_gmt":"2026-02-03T11:49:39","slug":"wuerde-was-uns-stark-macht-als-einzelne-und-als-gesellschaft-4-2-2","status":"publish","type":"page","link":"https:\/\/xn--wrdevollleben-wob.ch\/?page_id=794","title":{"rendered":"Long Covid \u2013 Wege zu neuer St\u00e4rke"},"content":{"rendered":"\n<div class=\"wp-block-columns is-layout-flex wp-container-core-columns-is-layout-9d6595d7 wp-block-columns-is-layout-flex\">\n<div class=\"wp-block-column is-layout-flow wp-block-column-is-layout-flow\" style=\"flex-basis:33.33%\">\n<p><a href=\"https:\/\/w\u00fcrdevollleben.ch\/?page_id=495\" target=\"_blank\" rel=\"noreferrer noopener\">Long Covid \u2013 Wege zu neuer St\u00e4rke<\/a><br><br><a href=\"https:\/\/shop.thieme.de\/de\/search?search=Peter%20Niemann\">Dr. Claudia Ellert,<\/a> <br><br>Deutsch<br>1. Auflage 06.09.2022<br>Seitenzahl 224<br><br>ZS &#8211; ein Verlag der Edel Verlagsgruppe<br><\/p>\n<\/div>\n\n\n\n<div class=\"wp-block-column is-layout-flow wp-block-column-is-layout-flow\" style=\"flex-basis:33.33%\">\n<figure class=\"wp-block-table\"><table class=\"has-fixed-layout\"><tbody><tr><td>COVID-19 ist mit der Erkrankung an sich f\u00fcr viele noch nicht vorbei. Rund 10 Prozent der Coronapatienten sind von Long COVID betroffen, einer t\u00fcckischen Krankheit, die meist nach eher mild verlaufenden Infektionen entsteht und die Forschung vor R\u00e4tsel stellt. Wer vormals gesund, sportlich und leistungsstark war, hat langanhaltend mit Ersch\u00f6pfung, Atemnot, Schmerzen, Ged\u00e4chtnisproblemen und anderen Symptomen zu k\u00e4mpfen.<br>Dr. Claudia Ellert, \u00c4rztin, Triathletin und Mutter, weiss, wovon sie spricht: 2020 erkrankte sie selbst an COVID-19 und hatte im Anschluss wegen Long COVID stark mit ihrer R\u00fcckkehr in den Alltag zu k\u00e4mpfen. Seither engagiert sie sich f\u00fcr die Aufkl\u00e4rung \u00fcber die \u201eneue Volkskrankheit\u201c und entwickelt Reha-Programme f\u00fcr Betroffene. In ihrem Praxisbuch vereint sie Fach- und Erfahrungswissen und gibt einen \u00dcberblick \u00fcber die verschiedenen Auspr\u00e4gungen von Long COVID. Sie stellt Erfolg versprechende\u00a0\u00a0 Therapien vor\u00a0 und gibt Tipps zur Selbsthilfe, die jede\/r selbst begleitend umsetzen kann. Damit der Weg zur\u00fcck ins Leben gelingt \u2026<br><br><a href=\"https:\/\/www.zsverlag.de\/book\/long-covid-wege-zu-neuer-strke-hardcover-bebildert-9783965842618\/\">https:\/\/www.zsverlag.de\/book\/long-covid-wege-zu-neuer-strke-hardcover-bebildert-9783965842618\/<\/a><\/td><\/tr><\/tbody><\/table><\/figure>\n\n\n\n<p><br><\/p>\n<\/div>\n\n\n\n<div class=\"wp-block-column is-layout-flow wp-block-column-is-layout-flow\" style=\"flex-basis:33.33%\">\n<figure class=\"wp-block-image size-full\"><img loading=\"lazy\" decoding=\"async\" width=\"1563\" height=\"2000\" src=\"https:\/\/w\u00fcrdevollleben.ch\/wp-content\/uploads\/2026\/02\/long-covid-wege-zu-neuer-staerke-gebundene-ausgabe-claudia-ellert.jpg\" alt=\"\" class=\"wp-image-769\" srcset=\"https:\/\/xn--wrdevollleben-wob.ch\/wp-content\/uploads\/2026\/02\/long-covid-wege-zu-neuer-staerke-gebundene-ausgabe-claudia-ellert.jpg 1563w, https:\/\/xn--wrdevollleben-wob.ch\/wp-content\/uploads\/2026\/02\/long-covid-wege-zu-neuer-staerke-gebundene-ausgabe-claudia-ellert-600x768.jpg 600w, https:\/\/xn--wrdevollleben-wob.ch\/wp-content\/uploads\/2026\/02\/long-covid-wege-zu-neuer-staerke-gebundene-ausgabe-claudia-ellert-234x300.jpg 234w, https:\/\/xn--wrdevollleben-wob.ch\/wp-content\/uploads\/2026\/02\/long-covid-wege-zu-neuer-staerke-gebundene-ausgabe-claudia-ellert-800x1024.jpg 800w, https:\/\/xn--wrdevollleben-wob.ch\/wp-content\/uploads\/2026\/02\/long-covid-wege-zu-neuer-staerke-gebundene-ausgabe-claudia-ellert-768x983.jpg 768w, https:\/\/xn--wrdevollleben-wob.ch\/wp-content\/uploads\/2026\/02\/long-covid-wege-zu-neuer-staerke-gebundene-ausgabe-claudia-ellert-1200x1536.jpg 1200w\" sizes=\"auto, (max-width: 1563px) 100vw, 1563px\" \/><\/figure>\n<\/div>\n<\/div>\n","protected":false},"excerpt":{"rendered":"<p>Long Covid \u2013 Wege zu neuer St\u00e4rke Dr. Claudia Ellert, Deutsch1. Auflage 06.09.2022Seitenzahl 224 ZS &#8211; ein Verlag der Edel Verlagsgruppe COVID-19 ist mit der Erkrankung an sich f\u00fcr viele noch nicht vorbei. Rund 10 Prozent der Coronapatienten sind von Long COVID betroffen, einer t\u00fcckischen Krankheit, die meist nach eher mild verlaufenden Infektionen entsteht und [&hellip;]<\/p>\n","protected":false},"author":1,"featured_media":0,"parent":0,"menu_order":0,"comment_status":"closed","ping_status":"closed","template":"","meta":{"ocean_post_layout":"","ocean_both_sidebars_style":"","ocean_both_sidebars_content_width":0,"ocean_both_sidebars_sidebars_width":0,"ocean_sidebar":"","ocean_second_sidebar":"","ocean_disable_margins":"enable","ocean_add_body_class":"","ocean_shortcode_before_top_bar":"","ocean_shortcode_after_top_bar":"","ocean_shortcode_before_header":"","ocean_shortcode_after_header":"","ocean_has_shortcode":"","ocean_shortcode_after_title":"","ocean_shortcode_before_footer_widgets":"","ocean_shortcode_after_footer_widgets":"","ocean_shortcode_before_footer_bottom":"","ocean_shortcode_after_footer_bottom":"","ocean_display_top_bar":"default","ocean_display_header":"default","ocean_header_style":"","ocean_center_header_left_menu":"","ocean_custom_header_template":"","ocean_custom_logo":0,"ocean_custom_retina_logo":0,"ocean_custom_logo_max_width":0,"ocean_custom_logo_tablet_max_width":0,"ocean_custom_logo_mobile_max_width":0,"ocean_custom_logo_max_height":0,"ocean_custom_logo_tablet_max_height":0,"ocean_custom_logo_mobile_max_height":0,"ocean_header_custom_menu":"","ocean_menu_typo_font_family":"","ocean_menu_typo_font_subset":"","ocean_menu_typo_font_size":0,"ocean_menu_typo_font_size_tablet":0,"ocean_menu_typo_font_size_mobile":0,"ocean_menu_typo_font_size_unit":"px","ocean_menu_typo_font_weight":"","ocean_menu_typo_font_weight_tablet":"","ocean_menu_typo_font_weight_mobile":"","ocean_menu_typo_transform":"","ocean_menu_typo_transform_tablet":"","ocean_menu_typo_transform_mobile":"","ocean_menu_typo_line_height":0,"ocean_menu_typo_line_height_tablet":0,"ocean_menu_typo_line_height_mobile":0,"ocean_menu_typo_line_height_unit":"","ocean_menu_typo_spacing":0,"ocean_menu_typo_spacing_tablet":0,"ocean_menu_typo_spacing_mobile":0,"ocean_menu_typo_spacing_unit":"","ocean_menu_link_color":"","ocean_menu_link_color_hover":"","ocean_menu_link_color_active":"","ocean_menu_link_background":"","ocean_menu_link_hover_background":"","ocean_menu_link_active_background":"","ocean_menu_social_links_bg":"","ocean_menu_social_hover_links_bg":"","ocean_menu_social_links_color":"","ocean_menu_social_hover_links_color":"","ocean_disable_title":"default","ocean_disable_heading":"default","ocean_post_title":"","ocean_post_subheading":"","ocean_post_title_style":"","ocean_post_title_background_color":"","ocean_post_title_background":0,"ocean_post_title_bg_image_position":"","ocean_post_title_bg_image_attachment":"","ocean_post_title_bg_image_repeat":"","ocean_post_title_bg_image_size":"","ocean_post_title_height":0,"ocean_post_title_bg_overlay":0.5,"ocean_post_title_bg_overlay_color":"","ocean_disable_breadcrumbs":"default","ocean_breadcrumbs_color":"","ocean_breadcrumbs_separator_color":"","ocean_breadcrumbs_links_color":"","ocean_breadcrumbs_links_hover_color":"","ocean_display_footer_widgets":"default","ocean_display_footer_bottom":"default","ocean_custom_footer_template":"","footnotes":""},"class_list":["post-794","page","type-page","status-publish","hentry","entry","owp-thumbs-layout-horizontal","owp-btn-normal","owp-tabs-layout-horizontal","has-no-thumbnails","has-product-nav"],"_links":{"self":[{"href":"https:\/\/xn--wrdevollleben-wob.ch\/index.php?rest_route=\/wp\/v2\/pages\/794","targetHints":{"allow":["GET"]}}],"collection":[{"href":"https:\/\/xn--wrdevollleben-wob.ch\/index.php?rest_route=\/wp\/v2\/pages"}],"about":[{"href":"https:\/\/xn--wrdevollleben-wob.ch\/index.php?rest_route=\/wp\/v2\/types\/page"}],"author":[{"embeddable":true,"href":"https:\/\/xn--wrdevollleben-wob.ch\/index.php?rest_route=\/wp\/v2\/users\/1"}],"replies":[{"embeddable":true,"href":"https:\/\/xn--wrdevollleben-wob.ch\/index.php?rest_route=%2Fwp%2Fv2%2Fcomments&post=794"}],"version-history":[{"count":1,"href":"https:\/\/xn--wrdevollleben-wob.ch\/index.php?rest_route=\/wp\/v2\/pages\/794\/revisions"}],"predecessor-version":[{"id":795,"href":"https:\/\/xn--wrdevollleben-wob.ch\/index.php?rest_route=\/wp\/v2\/pages\/794\/revisions\/795"}],"wp:attachment":[{"href":"https:\/\/xn--wrdevollleben-wob.ch\/index.php?rest_route=%2Fwp%2Fv2%2Fmedia&parent=794"}],"curies":[{"name":"wp","href":"https:\/\/api.w.org\/{rel}","templated":true}]}}