{"id":799,"date":"2026-02-03T12:52:10","date_gmt":"2026-02-03T11:52:10","guid":{"rendered":"https:\/\/w\u00fcrdevollleben.ch\/?page_id=799"},"modified":"2026-02-03T12:52:10","modified_gmt":"2026-02-03T11:52:10","slug":"wuerde-was-uns-stark-macht-als-einzelne-und-als-gesellschaft-4-2-3","status":"publish","type":"page","link":"https:\/\/xn--wrdevollleben-wob.ch\/?page_id=799","title":{"rendered":"Raus aus der chronischen Ersch\u00f6pfung"},"content":{"rendered":"\n<div class=\"wp-block-columns is-layout-flex wp-container-core-columns-is-layout-9d6595d7 wp-block-columns-is-layout-flex\">\n<div class=\"wp-block-column is-layout-flow wp-block-column-is-layout-flow\" style=\"flex-basis:33.33%\">\n<p><a href=\"https:\/\/w\u00fcrdevollleben.ch\/?page_id=495\" target=\"_blank\" rel=\"noreferrer noopener\">Raus aus der chronischen Ersch\u00f6pfung<\/a><br><br><a href=\"https:\/\/www.kosmos.de\/de\/unsere-autoren\/bernhard-dickreiter\">Bernhard Dickreiter<\/a><br><br>Deutsch<br>1. Auflage 17.02.2023<br><br>Herbig in der Franckh-Kosmos Verlags-GmbH &amp; Co. KG<br><br>978-3-96859-062-2<br><\/p>\n\n\n\n<p><br><\/p>\n<\/div>\n\n\n\n<div class=\"wp-block-column is-layout-flow wp-block-column-is-layout-flow\" style=\"flex-basis:33.33%\">\n<figure class=\"wp-block-table\"><table class=\"has-fixed-layout\"><tbody><tr><td>Was dem Long Covid- und Chronic-Fatigue-Syndrom zugrunde liegt: ein ausgepr\u00e4gter Zellenergie-Mangel<br>\u00a0\u00a0\u00a0 Ganzheitlich-systembiologischer Therapieansatz zur effektiven Unterst\u00fctzung der Selbstheilung<br>\u00a0\u00a0\u00a0 Neue Sicht- und Handlungsweisen f\u00fcr Patienten mit Chronic-Fatigue-Syndrom<br>Das \u201eneuartige\u201c Long-Covid-Syndrom und das Chronic-Fatigue-Syndrom (ME\/CFS) sind zwei Namen f\u00fcr ein und dieselbe Erkrankung. Dr. med. Bernhard Dickreiter zeigt erstmalig die biologischen Ver\u00e4nderungen auf Zellebene auf: Was passiert bei dieser Erkrankung in den Zellen, in der Zellumgebung und in den Mitochondrien? Und warum f\u00fchren diese biologischen Ver\u00e4nderungen in einen Zellenergie-Mangel, mit dem sich alle Symptome dieser Erkrankung erkl\u00e4ren lassen? Anschaulich und umfassend erkl\u00e4rt Dr. med Dickreiter anschlie\u00dfend die einzelnen Bausteine eines von ihm entwickelten ganzheitlich-systembiologischen Therapiekonzeptes, mit dem die Selbstheilungskr\u00e4fte der Betroffenen effektiv unterst\u00fctzt werden. Mit vielen hilfreichen Hintergrundinformationen und praktischen Tipps.<br><a href=\"https:\/\/www.kosmos.de\/de\/raus-aus-der-chronischen-erschopfung_8100622_9783968590622\">https:\/\/www.kosmos.de\/de\/raus-aus-der-chronischen-erschopfung_8100622_9783968590622<\/a><\/td><\/tr><\/tbody><\/table><\/figure>\n\n\n\n<p><br><\/p>\n<\/div>\n\n\n\n<div class=\"wp-block-column is-layout-flow wp-block-column-is-layout-flow\" style=\"flex-basis:33.33%\">\n<figure class=\"wp-block-image size-full\"><img loading=\"lazy\" decoding=\"async\" width=\"949\" height=\"1500\" src=\"https:\/\/w\u00fcrdevollleben.ch\/wp-content\/uploads\/2026\/02\/raus-aus-der-chronischen-erschoepfung-taschenbuch-bernhard-dickreiter.jpg\" alt=\"\" class=\"wp-image-772\" srcset=\"https:\/\/xn--wrdevollleben-wob.ch\/wp-content\/uploads\/2026\/02\/raus-aus-der-chronischen-erschoepfung-taschenbuch-bernhard-dickreiter.jpg 949w, https:\/\/xn--wrdevollleben-wob.ch\/wp-content\/uploads\/2026\/02\/raus-aus-der-chronischen-erschoepfung-taschenbuch-bernhard-dickreiter-600x948.jpg 600w, https:\/\/xn--wrdevollleben-wob.ch\/wp-content\/uploads\/2026\/02\/raus-aus-der-chronischen-erschoepfung-taschenbuch-bernhard-dickreiter-190x300.jpg 190w, https:\/\/xn--wrdevollleben-wob.ch\/wp-content\/uploads\/2026\/02\/raus-aus-der-chronischen-erschoepfung-taschenbuch-bernhard-dickreiter-648x1024.jpg 648w, https:\/\/xn--wrdevollleben-wob.ch\/wp-content\/uploads\/2026\/02\/raus-aus-der-chronischen-erschoepfung-taschenbuch-bernhard-dickreiter-768x1214.jpg 768w\" sizes=\"auto, (max-width: 949px) 100vw, 949px\" \/><\/figure>\n<\/div>\n<\/div>\n","protected":false},"excerpt":{"rendered":"<p>Raus aus der chronischen Ersch\u00f6pfung Bernhard Dickreiter Deutsch1. Auflage 17.02.2023 Herbig in der Franckh-Kosmos Verlags-GmbH &amp; Co. KG 978-3-96859-062-2 Was dem Long Covid- und Chronic-Fatigue-Syndrom zugrunde liegt: ein ausgepr\u00e4gter Zellenergie-Mangel\u00a0\u00a0\u00a0 Ganzheitlich-systembiologischer Therapieansatz zur effektiven Unterst\u00fctzung der Selbstheilung\u00a0\u00a0\u00a0 Neue Sicht- und Handlungsweisen f\u00fcr Patienten mit Chronic-Fatigue-SyndromDas \u201eneuartige\u201c Long-Covid-Syndrom und das Chronic-Fatigue-Syndrom (ME\/CFS) sind zwei Namen f\u00fcr [&hellip;]<\/p>\n","protected":false},"author":1,"featured_media":0,"parent":0,"menu_order":0,"comment_status":"closed","ping_status":"closed","template":"","meta":{"ocean_post_layout":"","ocean_both_sidebars_style":"","ocean_both_sidebars_content_width":0,"ocean_both_sidebars_sidebars_width":0,"ocean_sidebar":"","ocean_second_sidebar":"","ocean_disable_margins":"enable","ocean_add_body_class":"","ocean_shortcode_before_top_bar":"","ocean_shortcode_after_top_bar":"","ocean_shortcode_before_header":"","ocean_shortcode_after_header":"","ocean_has_shortcode":"","ocean_shortcode_after_title":"","ocean_shortcode_before_footer_widgets":"","ocean_shortcode_after_footer_widgets":"","ocean_shortcode_before_footer_bottom":"","ocean_shortcode_after_footer_bottom":"","ocean_display_top_bar":"default","ocean_display_header":"default","ocean_header_style":"","ocean_center_header_left_menu":"","ocean_custom_header_template":"","ocean_custom_logo":0,"ocean_custom_retina_logo":0,"ocean_custom_logo_max_width":0,"ocean_custom_logo_tablet_max_width":0,"ocean_custom_logo_mobile_max_width":0,"ocean_custom_logo_max_height":0,"ocean_custom_logo_tablet_max_height":0,"ocean_custom_logo_mobile_max_height":0,"ocean_header_custom_menu":"","ocean_menu_typo_font_family":"","ocean_menu_typo_font_subset":"","ocean_menu_typo_font_size":0,"ocean_menu_typo_font_size_tablet":0,"ocean_menu_typo_font_size_mobile":0,"ocean_menu_typo_font_size_unit":"px","ocean_menu_typo_font_weight":"","ocean_menu_typo_font_weight_tablet":"","ocean_menu_typo_font_weight_mobile":"","ocean_menu_typo_transform":"","ocean_menu_typo_transform_tablet":"","ocean_menu_typo_transform_mobile":"","ocean_menu_typo_line_height":0,"ocean_menu_typo_line_height_tablet":0,"ocean_menu_typo_line_height_mobile":0,"ocean_menu_typo_line_height_unit":"","ocean_menu_typo_spacing":0,"ocean_menu_typo_spacing_tablet":0,"ocean_menu_typo_spacing_mobile":0,"ocean_menu_typo_spacing_unit":"","ocean_menu_link_color":"","ocean_menu_link_color_hover":"","ocean_menu_link_color_active":"","ocean_menu_link_background":"","ocean_menu_link_hover_background":"","ocean_menu_link_active_background":"","ocean_menu_social_links_bg":"","ocean_menu_social_hover_links_bg":"","ocean_menu_social_links_color":"","ocean_menu_social_hover_links_color":"","ocean_disable_title":"default","ocean_disable_heading":"default","ocean_post_title":"","ocean_post_subheading":"","ocean_post_title_style":"","ocean_post_title_background_color":"","ocean_post_title_background":0,"ocean_post_title_bg_image_position":"","ocean_post_title_bg_image_attachment":"","ocean_post_title_bg_image_repeat":"","ocean_post_title_bg_image_size":"","ocean_post_title_height":0,"ocean_post_title_bg_overlay":0.5,"ocean_post_title_bg_overlay_color":"","ocean_disable_breadcrumbs":"default","ocean_breadcrumbs_color":"","ocean_breadcrumbs_separator_color":"","ocean_breadcrumbs_links_color":"","ocean_breadcrumbs_links_hover_color":"","ocean_display_footer_widgets":"default","ocean_display_footer_bottom":"default","ocean_custom_footer_template":"","footnotes":""},"class_list":["post-799","page","type-page","status-publish","hentry","entry","owp-thumbs-layout-horizontal","owp-btn-normal","owp-tabs-layout-horizontal","has-no-thumbnails","has-product-nav"],"_links":{"self":[{"href":"https:\/\/xn--wrdevollleben-wob.ch\/index.php?rest_route=\/wp\/v2\/pages\/799","targetHints":{"allow":["GET"]}}],"collection":[{"href":"https:\/\/xn--wrdevollleben-wob.ch\/index.php?rest_route=\/wp\/v2\/pages"}],"about":[{"href":"https:\/\/xn--wrdevollleben-wob.ch\/index.php?rest_route=\/wp\/v2\/types\/page"}],"author":[{"embeddable":true,"href":"https:\/\/xn--wrdevollleben-wob.ch\/index.php?rest_route=\/wp\/v2\/users\/1"}],"replies":[{"embeddable":true,"href":"https:\/\/xn--wrdevollleben-wob.ch\/index.php?rest_route=%2Fwp%2Fv2%2Fcomments&post=799"}],"version-history":[{"count":1,"href":"https:\/\/xn--wrdevollleben-wob.ch\/index.php?rest_route=\/wp\/v2\/pages\/799\/revisions"}],"predecessor-version":[{"id":800,"href":"https:\/\/xn--wrdevollleben-wob.ch\/index.php?rest_route=\/wp\/v2\/pages\/799\/revisions\/800"}],"wp:attachment":[{"href":"https:\/\/xn--wrdevollleben-wob.ch\/index.php?rest_route=%2Fwp%2Fv2%2Fmedia&parent=799"}],"curies":[{"name":"wp","href":"https:\/\/api.w.org\/{rel}","templated":true}]}}