{"id":803,"date":"2026-02-03T12:58:29","date_gmt":"2026-02-03T11:58:29","guid":{"rendered":"https:\/\/w\u00fcrdevollleben.ch\/?page_id=803"},"modified":"2026-02-03T12:58:30","modified_gmt":"2026-02-03T11:58:30","slug":"wuerde-was-uns-stark-macht-als-einzelne-und-als-gesellschaft-4-2-4","status":"publish","type":"page","link":"https:\/\/xn--wrdevollleben-wob.ch\/?page_id=803","title":{"rendered":"Long Covid \u2013 wenn der Gehirnnebel bleibt"},"content":{"rendered":"\n<div class=\"wp-block-columns is-layout-flex wp-container-core-columns-is-layout-9d6595d7 wp-block-columns-is-layout-flex\">\n<div class=\"wp-block-column is-layout-flow wp-block-column-is-layout-flow\" style=\"flex-basis:33.33%\">\n<p><a href=\"https:\/\/w\u00fcrdevollleben.ch\/?page_id=495\" target=\"_blank\" rel=\"noreferrer noopener\">Long Covid \u2013 wenn der Gehirnnebel bleibt<\/a><br><br>Martin Korte<br><br>Deutsch<br>1. Auflage<br>26.10.2022 <br><br>Seitenzahl 256<br><br>DVAS &#8211; Kosmos<br><br>978-3-421-07008-1<\/p>\n\n\n\n<p><br><\/p>\n<\/div>\n\n\n\n<div class=\"wp-block-column is-layout-flow wp-block-column-is-layout-flow\" style=\"flex-basis:33.33%\">\n<figure class=\"wp-block-table\"><table class=\"has-fixed-layout\"><tbody><tr><td>Neueste Erkenntnisse aus der Forschung: Wie das Corona-Virus unser Gehirn sch\u00e4digt und wie man das Risiko f\u00fcr Long-Covid minimieren kann<br><br><strong>Neueste Erkenntnisse aus der Forschung: Wie das Corona-Virus unser Gehirn sch\u00e4digt und wie man das Risiko f\u00fcr Long-Covid minimieren kann<\/strong><br><br>Ersch\u00f6pfung, Gehirnnebel, Konzentrationsprobleme: Etwa zehn Prozent aller Corona-Patienten beklagen <em>diese<\/em> und \u00e4hnliche Langzeitfolgen noch Monate nach der Infektion, selbst nach einem milden Krankheitsverlauf \u2013 auch wenn die Betroffenen zuvor jung, gesund und leistungsstark waren.<br>In seinem neuen Buch erkl\u00e4rt Prof. Dr. Martin Korte, der am Helmholtz-Zentrum f\u00fcr Infektionsforschung und an der TU Braunschweig zu Long-Covid forscht,<br>\u2022 welche langanhaltenden Symptome eine Corona-Infektion hervorrufen kann,<br>\u2022 wie es sein kann, dass mit dem Gehirn ein Organ betroffen ist, das meist gar nicht infiziert wurde,<br>\u2022 zu welchen chronischen Erkrankungen und Auswirkungen auf die Psyche das f\u00fchren kann,<br>\u2022 welche Menschen am meisten gef\u00e4hrdet sind<br>\u2022 und mit welchen Therapien und Massnahmen man den Erkrankten helfen kann.<br><br>Ausstattung: mit Grafiken und Schaubildern<br><br><a href=\"https:\/\/www.penguin.de\/buecher\/martin-korte-long-covid-wenn-der-gehirnnebel-bleibt\/paperback\/9783421070081\">https:\/\/www.penguin.de\/buecher\/martin-korte-long-covid-wenn-der-gehirnnebel-bleibt\/paperback\/9783421070081<\/a><\/td><\/tr><\/tbody><\/table><\/figure>\n\n\n\n<p><br><\/p>\n<\/div>\n\n\n\n<div class=\"wp-block-column is-layout-flow wp-block-column-is-layout-flow\" style=\"flex-basis:33.33%\">\n<figure class=\"wp-block-image size-full\"><img loading=\"lazy\" decoding=\"async\" width=\"378\" height=\"600\" src=\"https:\/\/w\u00fcrdevollleben.ch\/wp-content\/uploads\/2026\/02\/long-covid-wenn-der-gehirnnebel-bleibt-taschenbuch-martin-korte.jpg\" alt=\"\" class=\"wp-image-771\" srcset=\"https:\/\/xn--wrdevollleben-wob.ch\/wp-content\/uploads\/2026\/02\/long-covid-wenn-der-gehirnnebel-bleibt-taschenbuch-martin-korte.jpg 378w, https:\/\/xn--wrdevollleben-wob.ch\/wp-content\/uploads\/2026\/02\/long-covid-wenn-der-gehirnnebel-bleibt-taschenbuch-martin-korte-189x300.jpg 189w\" sizes=\"auto, (max-width: 378px) 100vw, 378px\" \/><\/figure>\n<\/div>\n<\/div>\n","protected":false},"excerpt":{"rendered":"<p>Long Covid \u2013 wenn der Gehirnnebel bleibt Martin Korte Deutsch1. Auflage26.10.2022 Seitenzahl 256 DVAS &#8211; Kosmos 978-3-421-07008-1 Neueste Erkenntnisse aus der Forschung: Wie das Corona-Virus unser Gehirn sch\u00e4digt und wie man das Risiko f\u00fcr Long-Covid minimieren kann Neueste Erkenntnisse aus der Forschung: Wie das Corona-Virus unser Gehirn sch\u00e4digt und wie man das Risiko f\u00fcr Long-Covid [&hellip;]<\/p>\n","protected":false},"author":1,"featured_media":0,"parent":0,"menu_order":0,"comment_status":"closed","ping_status":"closed","template":"","meta":{"ocean_post_layout":"","ocean_both_sidebars_style":"","ocean_both_sidebars_content_width":0,"ocean_both_sidebars_sidebars_width":0,"ocean_sidebar":"","ocean_second_sidebar":"","ocean_disable_margins":"enable","ocean_add_body_class":"","ocean_shortcode_before_top_bar":"","ocean_shortcode_after_top_bar":"","ocean_shortcode_before_header":"","ocean_shortcode_after_header":"","ocean_has_shortcode":"","ocean_shortcode_after_title":"","ocean_shortcode_before_footer_widgets":"","ocean_shortcode_after_footer_widgets":"","ocean_shortcode_before_footer_bottom":"","ocean_shortcode_after_footer_bottom":"","ocean_display_top_bar":"default","ocean_display_header":"default","ocean_header_style":"","ocean_center_header_left_menu":"","ocean_custom_header_template":"","ocean_custom_logo":0,"ocean_custom_retina_logo":0,"ocean_custom_logo_max_width":0,"ocean_custom_logo_tablet_max_width":0,"ocean_custom_logo_mobile_max_width":0,"ocean_custom_logo_max_height":0,"ocean_custom_logo_tablet_max_height":0,"ocean_custom_logo_mobile_max_height":0,"ocean_header_custom_menu":"","ocean_menu_typo_font_family":"","ocean_menu_typo_font_subset":"","ocean_menu_typo_font_size":0,"ocean_menu_typo_font_size_tablet":0,"ocean_menu_typo_font_size_mobile":0,"ocean_menu_typo_font_size_unit":"px","ocean_menu_typo_font_weight":"","ocean_menu_typo_font_weight_tablet":"","ocean_menu_typo_font_weight_mobile":"","ocean_menu_typo_transform":"","ocean_menu_typo_transform_tablet":"","ocean_menu_typo_transform_mobile":"","ocean_menu_typo_line_height":0,"ocean_menu_typo_line_height_tablet":0,"ocean_menu_typo_line_height_mobile":0,"ocean_menu_typo_line_height_unit":"","ocean_menu_typo_spacing":0,"ocean_menu_typo_spacing_tablet":0,"ocean_menu_typo_spacing_mobile":0,"ocean_menu_typo_spacing_unit":"","ocean_menu_link_color":"","ocean_menu_link_color_hover":"","ocean_menu_link_color_active":"","ocean_menu_link_background":"","ocean_menu_link_hover_background":"","ocean_menu_link_active_background":"","ocean_menu_social_links_bg":"","ocean_menu_social_hover_links_bg":"","ocean_menu_social_links_color":"","ocean_menu_social_hover_links_color":"","ocean_disable_title":"default","ocean_disable_heading":"default","ocean_post_title":"","ocean_post_subheading":"","ocean_post_title_style":"","ocean_post_title_background_color":"","ocean_post_title_background":0,"ocean_post_title_bg_image_position":"","ocean_post_title_bg_image_attachment":"","ocean_post_title_bg_image_repeat":"","ocean_post_title_bg_image_size":"","ocean_post_title_height":0,"ocean_post_title_bg_overlay":0.5,"ocean_post_title_bg_overlay_color":"","ocean_disable_breadcrumbs":"default","ocean_breadcrumbs_color":"","ocean_breadcrumbs_separator_color":"","ocean_breadcrumbs_links_color":"","ocean_breadcrumbs_links_hover_color":"","ocean_display_footer_widgets":"default","ocean_display_footer_bottom":"default","ocean_custom_footer_template":"","footnotes":""},"class_list":["post-803","page","type-page","status-publish","hentry","entry","owp-thumbs-layout-horizontal","owp-btn-normal","owp-tabs-layout-horizontal","has-no-thumbnails","has-product-nav"],"_links":{"self":[{"href":"https:\/\/xn--wrdevollleben-wob.ch\/index.php?rest_route=\/wp\/v2\/pages\/803","targetHints":{"allow":["GET"]}}],"collection":[{"href":"https:\/\/xn--wrdevollleben-wob.ch\/index.php?rest_route=\/wp\/v2\/pages"}],"about":[{"href":"https:\/\/xn--wrdevollleben-wob.ch\/index.php?rest_route=\/wp\/v2\/types\/page"}],"author":[{"embeddable":true,"href":"https:\/\/xn--wrdevollleben-wob.ch\/index.php?rest_route=\/wp\/v2\/users\/1"}],"replies":[{"embeddable":true,"href":"https:\/\/xn--wrdevollleben-wob.ch\/index.php?rest_route=%2Fwp%2Fv2%2Fcomments&post=803"}],"version-history":[{"count":1,"href":"https:\/\/xn--wrdevollleben-wob.ch\/index.php?rest_route=\/wp\/v2\/pages\/803\/revisions"}],"predecessor-version":[{"id":804,"href":"https:\/\/xn--wrdevollleben-wob.ch\/index.php?rest_route=\/wp\/v2\/pages\/803\/revisions\/804"}],"wp:attachment":[{"href":"https:\/\/xn--wrdevollleben-wob.ch\/index.php?rest_route=%2Fwp%2Fv2%2Fmedia&parent=803"}],"curies":[{"name":"wp","href":"https:\/\/api.w.org\/{rel}","templated":true}]}}