{"id":808,"date":"2026-02-03T13:02:51","date_gmt":"2026-02-03T12:02:51","guid":{"rendered":"https:\/\/w\u00fcrdevollleben.ch\/?page_id=808"},"modified":"2026-02-03T13:02:52","modified_gmt":"2026-02-03T12:02:52","slug":"wuerde-was-uns-stark-macht-als-einzelne-und-als-gesellschaft-4-2-5","status":"publish","type":"page","link":"https:\/\/xn--wrdevollleben-wob.ch\/?page_id=808","title":{"rendered":"LongCovid Die neue Volkskrankheit. Wie man sie erkennt, warum sie so viele betrifft und was wirklich hilft"},"content":{"rendered":"\n<div class=\"wp-block-columns is-layout-flex wp-container-core-columns-is-layout-9d6595d7 wp-block-columns-is-layout-flex\">\n<div class=\"wp-block-column is-layout-flow wp-block-column-is-layout-flow\" style=\"flex-basis:33.33%\">\n<p><a href=\"https:\/\/w\u00fcrdevollleben.ch\/?page_id=495\" target=\"_blank\" rel=\"noreferrer noopener\">LongCovid Die neue Volkskrankheit. Wie man sie erkennt, warum sie so viele betrifft und was wirklich hilft<\/a><br><br>J\u00f6rdis Frommhold<br><br>Deutsch<br>3. Auflage 2022<br>mit 7 Schaubildern und Graphiken.<br>176 Seiten<br><br>ISBN: 978-3-406-78356-2<\/p>\n<\/div>\n\n\n\n<div class=\"wp-block-column is-layout-flow wp-block-column-is-layout-flow\" style=\"flex-basis:33.33%\">\n<figure class=\"wp-block-table\"><table class=\"has-fixed-layout\"><tbody><tr><td>CORONA GEHT, LONGCOVID BLEIBT &#8211; DIE UNTERSCH\u00c4TZTE GEFAHR UND WAS DAGEGEN HILFT<br>\u00a0<br>LongCovid entwickelt sich zu einer Geissel f\u00fcr Millionen Coronapatienten. Es ist eine schwere Krankheit, die aus einer scheinbar harmlos verlaufenden Infektion entsteht. Ihre Opfer &#8211; zuvor gesund, sportlich und leistungsstark &#8211; l\u00e4sst sie zur\u00fcck mit Schmerzen, Atemnot, Ersch\u00f6pfung, Konzentrationsst\u00f6rungen, Ged\u00e4chtnisproblemen und vielen anderen langanhaltenden Symptomen.<br>\u00a0<br>Genesen heisst nicht gesund! Jedenfalls nicht, wenn es um LongCovid geht. Im Schatten der COVID-19-Pandemie ist eine neue Volkskrankheit entstanden. Nicht nur \u00c4ltere und Menschen mit Vorerkrankung, sondern vielfach zuvor gesunde Leistungstr\u00e4ger aus allen Gruppen und Schichten unserer Gesellschaft sind betroffen und schwer krank. Sie alle sehen einem ungewissen gesundheitlichen Schicksal entgegen. Noch reagiert die \u00d6ffentlichkeit meist mit Unverst\u00e4ndnis f\u00fcr ihre Leiden. Aber wenn nicht massiv in Pflege und Therapie dieser Menschen und in die Erforschung ihrer r\u00e4tselhaften Krankheit investiert wird, gehen nicht nur die Patienten, sondern auch Gesamtgesellschaft und Wirtschaft schwersten Belastungen entgegen.<br>\u00a0<br>Dr. med. J\u00f6rdis Frommhold bietet einen kompetenten, klaren und verst\u00e4ndlichen \u00dcberblick \u00fcber den heutigen Wissensstand \u00fcber COVID-19, Akutverl\u00e4ufe, Post-COVID, LongCovid und \u00fcber Therapieans\u00e4tze. Sie beschreibt Schicksale von Patienten und Angeh\u00f6rigen und ihre Bem\u00fchungen, gemeinsam mit \u00c4rztinnen und \u00c4rzten, Pflegerinnen und Pflegern den Betroffenen zu helfen. Sie stemmen sich gegen hartn\u00e4ckige Symptome wie krankhafte Ersch\u00f6pfungszust\u00e4nde (Fatigue), Belastungsst\u00f6rungen, L\u00e4rm- und Lichtempfindlichkeit, Schmerzen, Schlafst\u00f6rungen, Kreislaufprobleme<br><br><a href=\"https:\/\/www.beck-shop.de\/frommhold-long-covid\/product\/33305187\">https:\/\/www.beck-shop.de\/frommhold-long-covid\/product\/33305187<\/a><\/td><\/tr><\/tbody><\/table><\/figure>\n\n\n\n<p><br><\/p>\n<\/div>\n\n\n\n<div class=\"wp-block-column is-layout-flow wp-block-column-is-layout-flow\" style=\"flex-basis:33.33%\">\n<figure class=\"wp-block-image size-full\"><img loading=\"lazy\" decoding=\"async\" width=\"363\" height=\"600\" src=\"https:\/\/w\u00fcrdevollleben.ch\/wp-content\/uploads\/2026\/02\/longcovid-taschenbuch-joerdis-frommhold.jpg\" alt=\"\" class=\"wp-image-770\" srcset=\"https:\/\/xn--wrdevollleben-wob.ch\/wp-content\/uploads\/2026\/02\/longcovid-taschenbuch-joerdis-frommhold.jpg 363w, https:\/\/xn--wrdevollleben-wob.ch\/wp-content\/uploads\/2026\/02\/longcovid-taschenbuch-joerdis-frommhold-182x300.jpg 182w\" sizes=\"auto, (max-width: 363px) 100vw, 363px\" \/><\/figure>\n<\/div>\n<\/div>\n","protected":false},"excerpt":{"rendered":"<p>LongCovid Die neue Volkskrankheit. Wie man sie erkennt, warum sie so viele betrifft und was wirklich hilft J\u00f6rdis Frommhold Deutsch3. Auflage 2022mit 7 Schaubildern und Graphiken.176 Seiten ISBN: 978-3-406-78356-2 CORONA GEHT, LONGCOVID BLEIBT &#8211; DIE UNTERSCH\u00c4TZTE GEFAHR UND WAS DAGEGEN HILFT\u00a0LongCovid entwickelt sich zu einer Geissel f\u00fcr Millionen Coronapatienten. Es ist eine schwere Krankheit, die [&hellip;]<\/p>\n","protected":false},"author":1,"featured_media":0,"parent":0,"menu_order":0,"comment_status":"closed","ping_status":"closed","template":"","meta":{"ocean_post_layout":"","ocean_both_sidebars_style":"","ocean_both_sidebars_content_width":0,"ocean_both_sidebars_sidebars_width":0,"ocean_sidebar":"","ocean_second_sidebar":"","ocean_disable_margins":"enable","ocean_add_body_class":"","ocean_shortcode_before_top_bar":"","ocean_shortcode_after_top_bar":"","ocean_shortcode_before_header":"","ocean_shortcode_after_header":"","ocean_has_shortcode":"","ocean_shortcode_after_title":"","ocean_shortcode_before_footer_widgets":"","ocean_shortcode_after_footer_widgets":"","ocean_shortcode_before_footer_bottom":"","ocean_shortcode_after_footer_bottom":"","ocean_display_top_bar":"default","ocean_display_header":"default","ocean_header_style":"","ocean_center_header_left_menu":"","ocean_custom_header_template":"","ocean_custom_logo":0,"ocean_custom_retina_logo":0,"ocean_custom_logo_max_width":0,"ocean_custom_logo_tablet_max_width":0,"ocean_custom_logo_mobile_max_width":0,"ocean_custom_logo_max_height":0,"ocean_custom_logo_tablet_max_height":0,"ocean_custom_logo_mobile_max_height":0,"ocean_header_custom_menu":"","ocean_menu_typo_font_family":"","ocean_menu_typo_font_subset":"","ocean_menu_typo_font_size":0,"ocean_menu_typo_font_size_tablet":0,"ocean_menu_typo_font_size_mobile":0,"ocean_menu_typo_font_size_unit":"px","ocean_menu_typo_font_weight":"","ocean_menu_typo_font_weight_tablet":"","ocean_menu_typo_font_weight_mobile":"","ocean_menu_typo_transform":"","ocean_menu_typo_transform_tablet":"","ocean_menu_typo_transform_mobile":"","ocean_menu_typo_line_height":0,"ocean_menu_typo_line_height_tablet":0,"ocean_menu_typo_line_height_mobile":0,"ocean_menu_typo_line_height_unit":"","ocean_menu_typo_spacing":0,"ocean_menu_typo_spacing_tablet":0,"ocean_menu_typo_spacing_mobile":0,"ocean_menu_typo_spacing_unit":"","ocean_menu_link_color":"","ocean_menu_link_color_hover":"","ocean_menu_link_color_active":"","ocean_menu_link_background":"","ocean_menu_link_hover_background":"","ocean_menu_link_active_background":"","ocean_menu_social_links_bg":"","ocean_menu_social_hover_links_bg":"","ocean_menu_social_links_color":"","ocean_menu_social_hover_links_color":"","ocean_disable_title":"default","ocean_disable_heading":"default","ocean_post_title":"","ocean_post_subheading":"","ocean_post_title_style":"","ocean_post_title_background_color":"","ocean_post_title_background":0,"ocean_post_title_bg_image_position":"","ocean_post_title_bg_image_attachment":"","ocean_post_title_bg_image_repeat":"","ocean_post_title_bg_image_size":"","ocean_post_title_height":0,"ocean_post_title_bg_overlay":0.5,"ocean_post_title_bg_overlay_color":"","ocean_disable_breadcrumbs":"default","ocean_breadcrumbs_color":"","ocean_breadcrumbs_separator_color":"","ocean_breadcrumbs_links_color":"","ocean_breadcrumbs_links_hover_color":"","ocean_display_footer_widgets":"default","ocean_display_footer_bottom":"default","ocean_custom_footer_template":"","footnotes":""},"class_list":["post-808","page","type-page","status-publish","hentry","entry","owp-thumbs-layout-horizontal","owp-btn-normal","owp-tabs-layout-horizontal","has-no-thumbnails","has-product-nav"],"_links":{"self":[{"href":"https:\/\/xn--wrdevollleben-wob.ch\/index.php?rest_route=\/wp\/v2\/pages\/808","targetHints":{"allow":["GET"]}}],"collection":[{"href":"https:\/\/xn--wrdevollleben-wob.ch\/index.php?rest_route=\/wp\/v2\/pages"}],"about":[{"href":"https:\/\/xn--wrdevollleben-wob.ch\/index.php?rest_route=\/wp\/v2\/types\/page"}],"author":[{"embeddable":true,"href":"https:\/\/xn--wrdevollleben-wob.ch\/index.php?rest_route=\/wp\/v2\/users\/1"}],"replies":[{"embeddable":true,"href":"https:\/\/xn--wrdevollleben-wob.ch\/index.php?rest_route=%2Fwp%2Fv2%2Fcomments&post=808"}],"version-history":[{"count":1,"href":"https:\/\/xn--wrdevollleben-wob.ch\/index.php?rest_route=\/wp\/v2\/pages\/808\/revisions"}],"predecessor-version":[{"id":809,"href":"https:\/\/xn--wrdevollleben-wob.ch\/index.php?rest_route=\/wp\/v2\/pages\/808\/revisions\/809"}],"wp:attachment":[{"href":"https:\/\/xn--wrdevollleben-wob.ch\/index.php?rest_route=%2Fwp%2Fv2%2Fmedia&parent=808"}],"curies":[{"name":"wp","href":"https:\/\/api.w.org\/{rel}","templated":true}]}}