{"id":813,"date":"2026-02-03T13:08:58","date_gmt":"2026-02-03T12:08:58","guid":{"rendered":"https:\/\/w\u00fcrdevollleben.ch\/?page_id=813"},"modified":"2026-02-03T13:08:59","modified_gmt":"2026-02-03T12:08:59","slug":"wuerde-was-uns-stark-macht-als-einzelne-und-als-gesellschaft-4-2-6","status":"publish","type":"page","link":"https:\/\/xn--wrdevollleben-wob.ch\/?page_id=813","title":{"rendered":"Das Long Covid Selbsthilfe-Buch. Symptome erkennen, bew\u00e4ltigen und ins Leben zur\u00fcckfinden"},"content":{"rendered":"\n<div class=\"wp-block-columns is-layout-flex wp-container-core-columns-is-layout-9d6595d7 wp-block-columns-is-layout-flex\">\n<div class=\"wp-block-column is-layout-flow wp-block-column-is-layout-flow\" style=\"flex-basis:33.33%\">\n<p>Das Long Covid Selbsthilfe-Buch.<br>Symptome erkennen, bew\u00e4ltigen und ins Leben zur\u00fcckfinden<br><br>Oxford Post Covid Clinic<br>\u00dcbersetzt von: Monika NiehausCoralie Wink<br><br>Deutsch<br>18.10.2022<br>288 Seiten<br><br>ISBN: 978-3-499-01108-5<br><\/p>\n<\/div>\n\n\n\n<div class=\"wp-block-column is-layout-flow wp-block-column-is-layout-flow\" style=\"flex-basis:33.33%\">\n<figure class=\"wp-block-table\"><table class=\"has-fixed-layout\"><tbody><tr><td>Long Covid bew\u00e4ltigen: Praxis-Tipps im Umgang mit der neuen Volkskrankheit<br>\u00a0<br>Bleierne M\u00fcdigkeit, Watte im Kopf, Atembeschwerden, Schlafst\u00f6rungen, Herzklopfen, Brustschmerzen, Geruchsverlust: Hunderttausende Menschen leiden in Deutschland schon ein Jahr oder l\u00e4nger unter Long Covid, viel mehr als eine Million schon mindestens drei Monate. Die Krankheit ist nicht leicht zu erkennen, aber inzwischen wei\u00df man mehr: Wann es Long Covid ist und wann nicht, wie man es behandeln kann \u2013 und was jeder selbst tun kann, um damit fertigzuwerden.<br>\u00a0<br>Dieses Buch pr\u00e4sentiert das gesammelte Wissen einer Pionier-Einrichtung, in der viele Hundert Patient:innen behandelt worden sind. Leicht verst\u00e4ndlich gibt es ganz praktische Tipps, um die Symptome zu lindern, zu meistern und in den Alltag oder das Berufsleben zur\u00fcckzufinden. Ein wertvoller Ratgeber f\u00fcr Betroffene, ihre Angeh\u00f6rigen und medizinisches Fachpersonal.<br>\u00a0<br>Mit Checklisten zum Download.<br><br><a href=\"https:\/\/www.rowohlt.de\/buch\/post-covid-clinic-oxford-das-long-covid-selbsthilfe-buch-9783499011085\">https:\/\/www.rowohlt.de\/buch\/post-covid-clinic-oxford-das-long-covid-selbsthilfe-buch-9783499011085 <\/a><\/td><\/tr><\/tbody><\/table><\/figure>\n\n\n\n<p><br><\/p>\n<\/div>\n\n\n\n<div class=\"wp-block-column is-layout-flow wp-block-column-is-layout-flow\" style=\"flex-basis:33.33%\">\n<figure class=\"wp-block-image size-full\"><img loading=\"lazy\" decoding=\"async\" width=\"386\" height=\"600\" src=\"https:\/\/w\u00fcrdevollleben.ch\/wp-content\/uploads\/2026\/02\/das-long-covid-selbsthilfe-buch-taschenbuch-oxford-post-covid-clinic.jpg\" alt=\"\" class=\"wp-image-768\" srcset=\"https:\/\/xn--wrdevollleben-wob.ch\/wp-content\/uploads\/2026\/02\/das-long-covid-selbsthilfe-buch-taschenbuch-oxford-post-covid-clinic.jpg 386w, https:\/\/xn--wrdevollleben-wob.ch\/wp-content\/uploads\/2026\/02\/das-long-covid-selbsthilfe-buch-taschenbuch-oxford-post-covid-clinic-193x300.jpg 193w\" sizes=\"auto, (max-width: 386px) 100vw, 386px\" \/><\/figure>\n<\/div>\n<\/div>\n","protected":false},"excerpt":{"rendered":"<p>Das Long Covid Selbsthilfe-Buch.Symptome erkennen, bew\u00e4ltigen und ins Leben zur\u00fcckfinden Oxford Post Covid Clinic\u00dcbersetzt von: Monika NiehausCoralie Wink Deutsch18.10.2022288 Seiten ISBN: 978-3-499-01108-5 Long Covid bew\u00e4ltigen: Praxis-Tipps im Umgang mit der neuen Volkskrankheit\u00a0Bleierne M\u00fcdigkeit, Watte im Kopf, Atembeschwerden, Schlafst\u00f6rungen, Herzklopfen, Brustschmerzen, Geruchsverlust: Hunderttausende Menschen leiden in Deutschland schon ein Jahr oder l\u00e4nger unter Long Covid, viel [&hellip;]<\/p>\n","protected":false},"author":1,"featured_media":0,"parent":0,"menu_order":0,"comment_status":"closed","ping_status":"closed","template":"","meta":{"ocean_post_layout":"","ocean_both_sidebars_style":"","ocean_both_sidebars_content_width":0,"ocean_both_sidebars_sidebars_width":0,"ocean_sidebar":"","ocean_second_sidebar":"","ocean_disable_margins":"enable","ocean_add_body_class":"","ocean_shortcode_before_top_bar":"","ocean_shortcode_after_top_bar":"","ocean_shortcode_before_header":"","ocean_shortcode_after_header":"","ocean_has_shortcode":"","ocean_shortcode_after_title":"","ocean_shortcode_before_footer_widgets":"","ocean_shortcode_after_footer_widgets":"","ocean_shortcode_before_footer_bottom":"","ocean_shortcode_after_footer_bottom":"","ocean_display_top_bar":"default","ocean_display_header":"default","ocean_header_style":"","ocean_center_header_left_menu":"","ocean_custom_header_template":"","ocean_custom_logo":0,"ocean_custom_retina_logo":0,"ocean_custom_logo_max_width":0,"ocean_custom_logo_tablet_max_width":0,"ocean_custom_logo_mobile_max_width":0,"ocean_custom_logo_max_height":0,"ocean_custom_logo_tablet_max_height":0,"ocean_custom_logo_mobile_max_height":0,"ocean_header_custom_menu":"","ocean_menu_typo_font_family":"","ocean_menu_typo_font_subset":"","ocean_menu_typo_font_size":0,"ocean_menu_typo_font_size_tablet":0,"ocean_menu_typo_font_size_mobile":0,"ocean_menu_typo_font_size_unit":"px","ocean_menu_typo_font_weight":"","ocean_menu_typo_font_weight_tablet":"","ocean_menu_typo_font_weight_mobile":"","ocean_menu_typo_transform":"","ocean_menu_typo_transform_tablet":"","ocean_menu_typo_transform_mobile":"","ocean_menu_typo_line_height":0,"ocean_menu_typo_line_height_tablet":0,"ocean_menu_typo_line_height_mobile":0,"ocean_menu_typo_line_height_unit":"","ocean_menu_typo_spacing":0,"ocean_menu_typo_spacing_tablet":0,"ocean_menu_typo_spacing_mobile":0,"ocean_menu_typo_spacing_unit":"","ocean_menu_link_color":"","ocean_menu_link_color_hover":"","ocean_menu_link_color_active":"","ocean_menu_link_background":"","ocean_menu_link_hover_background":"","ocean_menu_link_active_background":"","ocean_menu_social_links_bg":"","ocean_menu_social_hover_links_bg":"","ocean_menu_social_links_color":"","ocean_menu_social_hover_links_color":"","ocean_disable_title":"default","ocean_disable_heading":"default","ocean_post_title":"","ocean_post_subheading":"","ocean_post_title_style":"","ocean_post_title_background_color":"","ocean_post_title_background":0,"ocean_post_title_bg_image_position":"","ocean_post_title_bg_image_attachment":"","ocean_post_title_bg_image_repeat":"","ocean_post_title_bg_image_size":"","ocean_post_title_height":0,"ocean_post_title_bg_overlay":0.5,"ocean_post_title_bg_overlay_color":"","ocean_disable_breadcrumbs":"default","ocean_breadcrumbs_color":"","ocean_breadcrumbs_separator_color":"","ocean_breadcrumbs_links_color":"","ocean_breadcrumbs_links_hover_color":"","ocean_display_footer_widgets":"default","ocean_display_footer_bottom":"default","ocean_custom_footer_template":"","footnotes":""},"class_list":["post-813","page","type-page","status-publish","hentry","entry","owp-thumbs-layout-horizontal","owp-btn-normal","owp-tabs-layout-horizontal","has-no-thumbnails","has-product-nav"],"_links":{"self":[{"href":"https:\/\/xn--wrdevollleben-wob.ch\/index.php?rest_route=\/wp\/v2\/pages\/813","targetHints":{"allow":["GET"]}}],"collection":[{"href":"https:\/\/xn--wrdevollleben-wob.ch\/index.php?rest_route=\/wp\/v2\/pages"}],"about":[{"href":"https:\/\/xn--wrdevollleben-wob.ch\/index.php?rest_route=\/wp\/v2\/types\/page"}],"author":[{"embeddable":true,"href":"https:\/\/xn--wrdevollleben-wob.ch\/index.php?rest_route=\/wp\/v2\/users\/1"}],"replies":[{"embeddable":true,"href":"https:\/\/xn--wrdevollleben-wob.ch\/index.php?rest_route=%2Fwp%2Fv2%2Fcomments&post=813"}],"version-history":[{"count":1,"href":"https:\/\/xn--wrdevollleben-wob.ch\/index.php?rest_route=\/wp\/v2\/pages\/813\/revisions"}],"predecessor-version":[{"id":814,"href":"https:\/\/xn--wrdevollleben-wob.ch\/index.php?rest_route=\/wp\/v2\/pages\/813\/revisions\/814"}],"wp:attachment":[{"href":"https:\/\/xn--wrdevollleben-wob.ch\/index.php?rest_route=%2Fwp%2Fv2%2Fmedia&parent=813"}],"curies":[{"name":"wp","href":"https:\/\/api.w.org\/{rel}","templated":true}]}}